{"id":957,"date":"2024-02-06T20:25:52","date_gmt":"2024-02-06T19:25:52","guid":{"rendered":"https:\/\/pawelbergel.pl\/?page_id=957"},"modified":"2024-11-27T13:14:25","modified_gmt":"2024-11-27T12:14:25","slug":"regulamin","status":"publish","type":"page","link":"https:\/\/pawelbergel.pl\/index.php\/regulamin\/","title":{"rendered":"Regulamin"},"content":{"rendered":"\t\t<div data-elementor-type=\"wp-page\" data-elementor-id=\"957\" class=\"elementor elementor-957\">\n\t\t\t\t\t\t<section class=\"elementor-section elementor-top-section elementor-element elementor-element-5b5ec71 elementor-section-boxed elementor-section-height-default elementor-section-height-default\" data-id=\"5b5ec71\" data-element_type=\"section\" data-e-type=\"section\">\n\t\t\t\t\t\t<div class=\"elementor-container elementor-column-gap-default\">\n\t\t\t\t\t<div class=\"elementor-column elementor-col-100 elementor-top-column elementor-element elementor-element-1b97718\" data-id=\"1b97718\" data-element_type=\"column\" data-e-type=\"column\">\n\t\t\t<div class=\"elementor-widget-wrap elementor-element-populated\">\n\t\t\t\t\t\t<div class=\"elementor-element elementor-element-92eb40b elementor-widget elementor-widget-heading\" data-id=\"92eb40b\" data-element_type=\"widget\" data-e-type=\"widget\" data-widget_type=\"heading.default\">\n\t\t\t\t<div class=\"elementor-widget-container\">\n\t\t\t\t\t<h2 class=\"elementor-heading-title elementor-size-default\">REGULAMIN Gabinetu Terapii Manualnej Pawe\u0142 Bergel&nbsp;<\/h2>\t\t\t\t<\/div>\n\t\t\t\t<\/div>\n\t\t\t\t<div class=\"elementor-element elementor-element-2d840e3 elementor-widget__width-initial elementor-widget elementor-widget-text-editor\" data-id=\"2d840e3\" data-element_type=\"widget\" data-e-type=\"widget\" data-widget_type=\"text-editor.default\">\n\t\t\t\t<div class=\"elementor-widget-container\">\n\t\t\t\t\t\t\t\t\t<p><b>\u00a71 Podstawa prawna<\/b><\/p><ol><li>Gabinetu Terapii Manualnej Pawe\u0142 Bergel jest firm\u0105, w kt\u00f3rej \u015bwiadczone s\u0105 us\u0142ugi z zakresu Terapii manualnej, Osteopatii, Naturopatii, Masa\u017cu.<\/li><li>Gabinet znajduje si\u0119 w Dobczycach, przy ulicy Piastowskiej 26B.<\/li><li>Firma posiada wpis do Rejestru CEiDG z dn. 02.02.2018.<\/li><\/ol><p><b>\u00a72 Postanowienia og\u00f3lne\u00a0<\/b><\/p><ol><li>Regulamin okre\u015bla zasady \u015bwiadczenia us\u0142ug terapeutycznych w ramach wykonywania zawodu Terapeuty manualnego, Naturopaty, Osteopaty, Fizjoterapeuty.<\/li><li>Niniejszy Regulamin znajduje si\u0119 na stronie internetowej https:\/\/pawelbergel.pl w zak\u0142adce Regulamin, oraz jest przekazywany ka\u017cdemu Klientowi podczas pierwszej wizyty w Gabinecie.<\/li><li>Nieznajomo\u015b\u0107 Regulaminu nie zwalnia z przestrzegania jego zasad.<\/li><\/ol><p><b>\u00a73 Cele i zadania\u00a0<\/b><\/p><ol><li>Celem dzia\u0142ania Gabinetu jest \u015bwiadczenie przez wykwalifikowany personel us\u0142ug z zakresu Terapii manualnej, Osteopatii, Naturopatii, Masa\u017cu.<\/li><li>Do zada\u0144 Gabinetu nale\u017cy w szczeg\u00f3lno\u015bci zapewnienie wysokiej jako\u015bci \u015bwiadczonych us\u0142ug terapeutycznych, z zastosowaniem znanych i sprawdzonych metod terapeutycznych, przestrzeganie etyki zawodowej, dzia\u0142anie promuj\u0105ce profilaktyk\u0119 zdrowia, przestrzeganie praw Klienta oraz \u015bwiadczenie us\u0142ug z uwzgl\u0119dnieniem potrzeb i bezpiecze\u0144stwa Klienta.<\/li><\/ol><p><b>\u00a74 Czas i miejsce \u015bwiadczenia us\u0142ug\u00a0<\/b><\/p><ol><li>Gabinetu Terapii Manualnej Pawe\u0142 Bergel jest otwarty od poniedzia\u0142ku do pi\u0105tku, z wy\u0142\u0105czeniem dni \u015bwi\u0105tecznych.<\/li><li>Miejscem \u015bwiadczenia us\u0142ug terapeutycznych jest siedziba Gabinetu.<\/li><li>Zar\u00f3wno pomieszczenie Gabinetu, jak i wykorzystywane w nim urz\u0105dzenia spe\u0142niaj\u0105 wymagania, jakim powinny odpowiada\u0107 podmioty wykonuj\u0105ce tego typu dzia\u0142alno\u015b\u0107.<\/li><\/ol><p><b>\u00a75 Zasady rezerwacji i odwo\u0142ywania wizyt\u00a0<\/b><\/p><ol><li>Rezerwacji wizyty mo\u017cna dokona\u0107 telefonicznie pod nr tel.: 537 637 717<\/li><li>Istnieje mo\u017cliwo\u015b\u0107 przeniesienia wizyty na inny termin pod warunkiem dost\u0119pno\u015bci wolnych miejsc i telefonicznym\/osobistym uprzedzeniu o zmianie co najmniej 24 godziny wcze\u015bniej.<\/li><li>Odwo\u0142ania wizyty mo\u017cna dokona\u0107 telefonicznie\/osobi\u015bcie bez \u017cadnych konsekwencji nie p\u00f3\u017aniej ni\u017c 24 godziny przed um\u00f3wionym terminem.<\/li><li>Odwo\u0142anie wizyty p\u00f3\u017aniej ni\u017c godzina 19.00 w dniu poprzedzaj\u0105cym termin zabiegu, skutkuje pobraniem op\u0142aty w wysoko\u015bci 50% ceny zabiegu. Op\u0142aty nale\u017cy dokona\u0107 osobi\u015bcie w siedzibie: Gabinet Terapii Manualnej Pawe\u0142 Bergel 32-410 Dobczyce ul. Piastowska 26B, BLIK, lub przelewem na konto: mBank nr.: 88 1140 2004 0000 3002 7844 5136<\/li><li>W przypadku niestawienia si\u0119 na um\u00f3wion\u0105 wizyt\u0119 w ustalonym terminie, bez wcze\u015bniejszej informacji o rezygnacji, lub odwo\u0142anie wizyty nast\u0105pi w okresie do 1 godziny przed planowanym zabiegiem skutkuje naliczeniem op\u0142aty w wysoko\u015bci 100% kosztu zabiegu.<\/li><li>Warunkiem um\u00f3wienia si\u0119 na kolejna wizyt\u0119 jest zap\u0142acenie ww. kwoty.<\/li><li>Warunkiem odst\u0105pienia od pobrania p\u0142atno\u015bci jest przedstawienie za\u015bwiadczenia lekarskiego, dotycz\u0105cy stanu zdrowia z dnia w kt\u00f3rym mia\u0142a odby\u0107 si\u0119 wizyta.<\/li><li>Koszty zabiegu podstawowego wahaj\u0105 si\u0119 od 170-200z\u0142 w zale\u017cno\u015bci od rodzaju wykonywanego zabiegu i dodatkowo wykonywanych czynno\u015bci tj. kinesiotaping, suche ig\u0142owanie, pijawki. Dodatkowe koszta doliczane s\u0105 po wcze\u015bniejszym uzgodnieniu z Klientem. Odp\u0142atno\u015b\u0107 za zabieg realizowana jest w spos\u00f3b got\u00f3wkowy, lub bezgot\u00f3wkowy (BLIK, przelew na konto: mBank nr.: 88 1140 2004 0000 3002 7844 5136 10. Czas trwania zabiegu to 45 minut.<\/li><li>Ka\u017cda um\u00f3wiona wizyta w Gabinecie Terapii Manualnej Pawe\u0142 Bergel jest potwierdzana wiadomo\u015bci\u0105 tekstow\u0105 lub wiadomo\u015bci\u0105 g\u0142osow\u0105 wysy\u0142an\u0105 do Klienta w dniu poprzedzaj\u0105cym zabieg (z wyj\u0105tkiem wizyt poniedzia\u0142kowych, kt\u00f3re potwierdzane s\u0105 w pi\u0105tek). W wiadomo\u015bci jest informacja o terminie i godzinie um\u00f3wionej wizyty. Brak kontaktu\/potwierdzenia ze strony Klienta celem potwierdzenia\/odwo\u0142ania wizyty skutkuje odwo\u0142aniem zabiegu w pe\u0142nym zakresie czasowym na jaki by\u0142 um\u00f3wiony.<\/li><li>Osoby, kt\u00f3re nie szanuj\u0105 naszej pracy i naszego czasu, oraz nie stosuj\u0105 si\u0119 do Naszego regulaminu, trac\u0105 przywilej zapis\u00f3w co skutkuje odm\u00f3wieniem wykonania us\u0142ugi w GTM Pawe\u0142 Bergel.<\/li><li>Terapeuta ma prawo odm\u00f3wi\u0107 wykonania zabiegu bez podania przyczyny.<\/li><\/ol><p><b>\u00a76 Organizacja i przebieg wizyty<\/b><\/p><ol><li>Klient proszony jest o przybycie na wizyt\u0119 kilka minut wcze\u015bniej przed wyznaczon\u0105 godzin\u0105.<\/li><li>Sp\u00f3\u017anienie si\u0119 na wizyt\u0119 skutkuje skr\u00f3ceniem czasu terapii.<\/li><li>Podczas pierwszej wizyty zostanie przeprowadzony wywiad i badanie przedmiotowe, a tak\u017ce na ich podstawie, okre\u015blony cel i plan terapii.<\/li><li>Przed przyst\u0105pieniem do terapii Klient wyra\u017ca zgod\u0119 na jej przeprowadzenie.<\/li><li>Terapeuta mo\u017ce odm\u00f3wi\u0107 przeprowadzenia terapii b\u0105d\u017a przerwa\u0107 zabieg, je\u015bli:<ol><li>Klient nie zachowuje podstawowych zasad kultury i dobrego wychowania, naruszaj\u0105c godno\u015b\u0107 osobist\u0105 terapeuty,<\/li><li>uzna, \u017ce zagra\u017ca ona zdrowiu Pacjenta,<\/li><li>podczas zabiegu stwierdzi pogorszenie samopoczucia Klienta.<\/li><\/ol><\/li><li>Do terapii Pacjent nie rozbiera si\u0119 bardziej ni\u017c wymaga tego opracowywane miejsce b\u00f3lowe.<\/li><li>Gabinet Terapii Manualnej Pawe\u0142 Bergel nie prowadzi dokumentacji medycznej.<\/li><li>Osoby niepe\u0142noletnie przychodz\u0105 na wizyt\u0119 w towarzystwie pe\u0142noletniego opiekuna.<\/li><\/ol><p><b>\u00a77 Prawa i obowi\u0105zki Pacjenta<\/b><\/p><ol><li>W czasie korzystania z us\u0142ug Gabinetu, Klient ma prawo do:<ol><li>poszanowania godno\u015bci oraz uprzejmego traktowania przez personel Gabinetu,<\/li><li>\u015bwiadcze\u0144 wykonywanych przez personel o odpowiednich kwalifikacjach,<\/li><li>uzyskania rzetelnej informacji o swoim stanie zdrowia, proponowanych metodach terapeutycznych, nast\u0119pstwach ich zastosowania lub zaniechania,<\/li><li>pe\u0142nej dyskrecji jego osoby,<\/li><li>pomocy i wyja\u015bnie\u0144 o sposobie przygotowania do zabiegu,<\/li><li>wyra\u017cenia zgody lub odmowy wykonania zabiegu po uzyskaniu odpowiednich informacji.<\/li><\/ol><\/li><li>W czasie korzystania z us\u0142ug Gabinetu, Pacjent ma obowi\u0105zek:<ol><li>poinformowa\u0107 personel o stanie swojego zdrowia, aktualnych i przebytych schorzeniach oraz istniej\u0105cych przeciwwskazaniach do terapii,<\/li><li>poinformowa\u0107 personel o aktualnych urazach, stanach b\u00f3lowych i innych objawach powsta\u0142ych wskutek przeprowadzonej terapii, gdy\u017c mo\u017ce mie\u0107 to istotny wp\u0142yw na przebieg dalszej terapii,<\/li><li>przestrzegania zasad higieny osobistej,<\/li><li>posiadania stroju sportowego podczas terapii,<\/li><li>przestrzegania zalece\u0144 terapeuty,<\/li><li>okazania dodatkowych wynik\u00f3w bada\u0144 (USG, RTG, MRI itp.).<\/li><\/ol><\/li><\/ol><p>UWAGA! Jakiekolwiek urazy powsta\u0142e wskutek zatajenia przez Klienta informacji o stanie zdrowia b\u0105d\u017a niestosowania si\u0119 do zalece\u0144 terapeuty nie mog\u0105 by\u0107 podstaw\u0105 do roszcze\u0144 wobec Gabinetu Terapii Manualnej Pawe\u0142 Bergel.<\/p><p><b>\u00a78 Vouchery podarunkowe<\/b><\/p><ol><li>W Gabinecie dost\u0119pne s\u0105 vouchery podarunkowe, kt\u00f3re mo\u017cna naby\u0107 w siedzibie firmy, tj. przy ul. Piastowskiej 26B, na kwot\u0119 180z\u0142 za jeden zabieg.<\/li><li>Voucher mo\u017cna wykorzysta\u0107 na zabiegi terapeutyczne z oferty Gabinetu.<\/li><li>Voucher realizowany jest w godzinach pracy Gabinetu.<\/li><li>Klient ma 1 miesi\u0105c od daty zakupu na um\u00f3wienie si\u0119 na zabieg. Zar\u00f3wno rezerwacja, jak i odwo\u0142anie wizyty z voucheru odbywa si\u0119 na zasadach og\u00f3lnych, okre\u015blonych w \u00a75 Regulaminu.<\/li><li>Je\u017celi klient w przeci\u0105gu 1 miesi\u0105ca od daty zakupu nie zadzwoni i nie um\u00f3wi si\u0119 na zabieg &#8211; voucher przepada (termin wizyty mo\u017cna um\u00f3wi\u0107 w dost\u0119pnym terminie przez okres p\u00f3\u0142 roku od daty zakupu vouchera).<\/li><li>Voucher nie podlega wymianie na got\u00f3wk\u0119.<\/li><\/ol><p><b>\u00a79 Przepisy porz\u0105dkowe<\/b><\/p><ol><li>Na terenie Gabinetu istnieje bezwzgl\u0119dny zakaz palenia tytoniu, spo\u017cywania napoj\u00f3w alkoholowych, a tak\u017ce za\u017cywania \u015brodk\u00f3w odurzaj\u0105cych, oraz bycia pod ich wp\u0142ywem.<\/li><li>Pacjenci przebywaj\u0105cy na terenie Gabinetu zobowi\u0105zani s\u0105 do poszanowania mienia b\u0119d\u0105cego jego w\u0142asno\u015bci\u0105 oraz nale\u017c\u0105cego do innych Klient\u00f3w, jak r\u00f3wnie\u017c do zachowania czysto\u015bci.<\/li><li>Za zniszczenie mienia, o kt\u00f3rym mowa w ust. 2, Klienci ponosz\u0105 pe\u0142n\u0105 odpowiedzialno\u015b\u0107 finansow\u0105.<\/li><li>Za przedmioty pozostawione w siedzibie Gabinetu, Gabinet Terapii Manualnej Pawe\u0142 Bergel nie odpowiada.<\/li><\/ol><p><b>\u00a710 Postanowienia ko\u0144cowe\u00a0<\/b><\/p><ol><li>Ka\u017cdy Pacjent zobowi\u0105zany jest do zapoznania si\u0119 z Regulaminem i przestrzegania jego zasad.<\/li><li>W sprawach nieuregulowanych niniejszym Regulaminem maj\u0105 zastosowanie przepisy Kodeksu Cywilnego oraz inne obowi\u0105zuj\u0105ce przepisy prawa.<\/li><li>Gabinetu Terapii Manualnej Pawe\u0142 Bergel zastrzega sobie prawo do zmiany tre\u015bci Regulaminu. O ka\u017cdej zmianie Pacjent zostanie poinformowany telefonicznie, za po\u015brednictwem wiadomo\u015bci SMS.<\/li><li>Niewyra\u017cenie zgody na postanowienia Regulaminu jest r\u00f3wnoznaczne z brakiem mo\u017cliwo\u015bci korzystania z us\u0142ug Gabinetu.<\/li><li>Wszelkie skargi \/ wnioski Pacjent mo\u017ce sk\u0142ada\u0107 na pi\u015bmie na adres korespondencyjny: Gabinetu Terapii Manualnej Pawe\u0142 Bergel ul. Piastowska 26B 32-410 Dobczyce lub za po\u015brednictwem poczty elektronicznej na adres pawelbergel@op.pl. Wszystkie skargi \/ wnioski rozpatrywane s\u0105 w terminie 30 dni roboczych od dnia ich wp\u0142ywu.<\/li><\/ol><p>Niniejszy regulamin obowi\u0105zuje od dn.: 01.01.2024 roku.<\/p><p><b>Dzi\u0119kujemy Gabinet Terapii Manualnej Pawe\u0142 Bergel<\/b><\/p>\t\t\t\t\t\t\t\t<\/div>\n\t\t\t\t<\/div>\n\t\t\t\t\t<\/div>\n\t\t<\/div>\n\t\t\t\t\t<\/div>\n\t\t<\/section>\n\t\t\t\t<section class=\"elementor-section elementor-top-section elementor-element elementor-element-e203007 elementor-section-boxed elementor-section-height-default elementor-section-height-default\" data-id=\"e203007\" data-element_type=\"section\" data-e-type=\"section\">\n\t\t\t\t\t\t<div class=\"elementor-container elementor-column-gap-default\">\n\t\t\t\t\t<div class=\"elementor-column elementor-col-100 elementor-top-column elementor-element elementor-element-cd7f7d6\" data-id=\"cd7f7d6\" data-element_type=\"column\" data-e-type=\"column\">\n\t\t\t<div class=\"elementor-widget-wrap\">\n\t\t\t\t\t\t\t<\/div>\n\t\t<\/div>\n\t\t\t\t\t<\/div>\n\t\t<\/section>\n\t\t\t\t<\/div>\n\t\t","protected":false},"excerpt":{"rendered":"<p>REGULAMIN Gabinetu Terapii Manualnej Pawe\u0142 Bergel&nbsp; \u00a71 Podstawa prawna Gabinetu Terapii Manualnej Pawe\u0142 Bergel jest firm\u0105, w kt\u00f3rej \u015bwiadczone s\u0105 us\u0142ugi z zakresu Terapii manualnej, Osteopatii, Naturopatii, Masa\u017cu. Gabinet znajduje si\u0119 w Dobczycach, przy ulicy Piastowskiej 26B. Firma posiada wpis do Rejestru CEiDG z dn. 02.02.2018. \u00a72 Postanowienia og\u00f3lne\u00a0 Regulamin okre\u015bla zasady \u015bwiadczenia us\u0142ug terapeutycznych [&hellip;]<\/p>\n","protected":false},"author":1,"featured_media":0,"parent":0,"menu_order":0,"comment_status":"closed","ping_status":"closed","template":"","meta":{"site-sidebar-layout":"no-sidebar","site-content-layout":"page-builder","ast-site-content-layout":"full-width-container","site-content-style":"default","site-sidebar-style":"default","ast-global-header-display":"","ast-banner-title-visibility":"","ast-main-header-display":"","ast-hfb-above-header-display":"","ast-hfb-below-header-display":"","ast-hfb-mobile-header-display":"","site-post-title":"disabled","ast-breadcrumbs-content":"","ast-featured-img":"disabled","footer-sml-layout":"","ast-disable-related-posts":"","theme-transparent-header-meta":"","adv-header-id-meta":"","stick-header-meta":"","header-above-stick-meta":"","header-main-stick-meta":"","header-below-stick-meta":"","astra-migrate-meta-layouts":"set","ast-page-background-enabled":"default","ast-page-background-meta":{"desktop":{"background-color":"","background-image":"","background-repeat":"repeat","background-position":"center center","background-size":"auto","background-attachment":"scroll","background-type":"","background-media":"","overlay-type":"","overlay-color":"","overlay-opacity":"","overlay-gradient":""},"tablet":{"background-color":"","background-image":"","background-repeat":"repeat","background-position":"center center","background-size":"auto","background-attachment":"scroll","background-type":"","background-media":"","overlay-type":"","overlay-color":"","overlay-opacity":"","overlay-gradient":""},"mobile":{"background-color":"","background-image":"","background-repeat":"repeat","background-position":"center center","background-size":"auto","background-attachment":"scroll","background-type":"","background-media":"","overlay-type":"","overlay-color":"","overlay-opacity":"","overlay-gradient":""}},"ast-content-background-meta":{"desktop":{"background-color":"var(--ast-global-color-5)","background-image":"","background-repeat":"repeat","background-position":"center center","background-size":"auto","background-attachment":"scroll","background-type":"","background-media":"","overlay-type":"","overlay-color":"","overlay-opacity":"","overlay-gradient":""},"tablet":{"background-color":"var(--ast-global-color-5)","background-image":"","background-repeat":"repeat","background-position":"center center","background-size":"auto","background-attachment":"scroll","background-type":"","background-media":"","overlay-type":"","overlay-color":"","overlay-opacity":"","overlay-gradient":""},"mobile":{"background-color":"var(--ast-global-color-5)","background-image":"","background-repeat":"repeat","background-position":"center center","background-size":"auto","background-attachment":"scroll","background-type":"","background-media":"","overlay-type":"","overlay-color":"","overlay-opacity":"","overlay-gradient":""}},"footnotes":""},"class_list":["post-957","page","type-page","status-publish","hentry"],"yoast_head":"<!-- This site is optimized with the Yoast SEO plugin v27.5 - https:\/\/yoast.com\/product\/yoast-seo-wordpress\/ -->\n<title>Regulamin - Pawel Bergel<\/title>\n<meta name=\"robots\" content=\"index, follow, max-snippet:-1, max-image-preview:large, max-video-preview:-1\" \/>\n<link rel=\"canonical\" href=\"https:\/\/pawelbergel.pl\/index.php\/regulamin\/\" \/>\n<meta property=\"og:locale\" content=\"pl_PL\" \/>\n<meta property=\"og:type\" content=\"article\" \/>\n<meta property=\"og:title\" content=\"Regulamin - Pawel Bergel\" \/>\n<meta property=\"og:description\" content=\"REGULAMIN Gabinetu Terapii Manualnej Pawe\u0142 Bergel&nbsp; \u00a71 Podstawa prawna Gabinetu Terapii Manualnej Pawe\u0142 Bergel jest firm\u0105, w kt\u00f3rej \u015bwiadczone s\u0105 us\u0142ugi z zakresu Terapii manualnej, Osteopatii, Naturopatii, Masa\u017cu. Gabinet znajduje si\u0119 w Dobczycach, przy ulicy Piastowskiej 26B. Firma posiada wpis do Rejestru CEiDG z dn. 02.02.2018. \u00a72 Postanowienia og\u00f3lne\u00a0 Regulamin okre\u015bla zasady \u015bwiadczenia us\u0142ug terapeutycznych [&hellip;]\" \/>\n<meta property=\"og:url\" content=\"https:\/\/pawelbergel.pl\/index.php\/regulamin\/\" \/>\n<meta property=\"og:site_name\" content=\"Pawel Bergel\" \/>\n<meta property=\"article:modified_time\" content=\"2024-11-27T12:14:25+00:00\" \/>\n<meta name=\"twitter:card\" content=\"summary_large_image\" \/>\n<meta name=\"twitter:label1\" content=\"Szacowany czas czytania\" \/>\n\t<meta name=\"twitter:data1\" content=\"7 minut\" \/>\n<script type=\"application\/ld+json\" class=\"yoast-schema-graph\">{\"@context\":\"https:\\\/\\\/schema.org\",\"@graph\":[{\"@type\":\"WebPage\",\"@id\":\"https:\\\/\\\/pawelbergel.pl\\\/index.php\\\/regulamin\\\/\",\"url\":\"https:\\\/\\\/pawelbergel.pl\\\/index.php\\\/regulamin\\\/\",\"name\":\"Regulamin - Pawel Bergel\",\"isPartOf\":{\"@id\":\"https:\\\/\\\/pawelbergel.pl\\\/#website\"},\"datePublished\":\"2024-02-06T19:25:52+00:00\",\"dateModified\":\"2024-11-27T12:14:25+00:00\",\"breadcrumb\":{\"@id\":\"https:\\\/\\\/pawelbergel.pl\\\/index.php\\\/regulamin\\\/#breadcrumb\"},\"inLanguage\":\"pl-PL\",\"potentialAction\":[{\"@type\":\"ReadAction\",\"target\":[\"https:\\\/\\\/pawelbergel.pl\\\/index.php\\\/regulamin\\\/\"]}]},{\"@type\":\"BreadcrumbList\",\"@id\":\"https:\\\/\\\/pawelbergel.pl\\\/index.php\\\/regulamin\\\/#breadcrumb\",\"itemListElement\":[{\"@type\":\"ListItem\",\"position\":1,\"name\":\"Strona g\u0142\u00f3wna\",\"item\":\"https:\\\/\\\/pawelbergel.pl\\\/\"},{\"@type\":\"ListItem\",\"position\":2,\"name\":\"Regulamin\"}]},{\"@type\":\"WebSite\",\"@id\":\"https:\\\/\\\/pawelbergel.pl\\\/#website\",\"url\":\"https:\\\/\\\/pawelbergel.pl\\\/\",\"name\":\"Gabinet Terapii Manualnej Pawe\u0142 Bergel\",\"description\":\"Gabinet Terapii Manualnej\",\"publisher\":{\"@id\":\"https:\\\/\\\/pawelbergel.pl\\\/#\\\/schema\\\/person\\\/cd0f90eb9c3553f35fea7b0d7cdafd9d\"},\"potentialAction\":[{\"@type\":\"SearchAction\",\"target\":{\"@type\":\"EntryPoint\",\"urlTemplate\":\"https:\\\/\\\/pawelbergel.pl\\\/?s={search_term_string}\"},\"query-input\":{\"@type\":\"PropertyValueSpecification\",\"valueRequired\":true,\"valueName\":\"search_term_string\"}}],\"inLanguage\":\"pl-PL\"},{\"@type\":[\"Person\",\"Organization\"],\"@id\":\"https:\\\/\\\/pawelbergel.pl\\\/#\\\/schema\\\/person\\\/cd0f90eb9c3553f35fea7b0d7cdafd9d\",\"name\":\"Pawe\u0142 Bergel\",\"image\":{\"@type\":\"ImageObject\",\"inLanguage\":\"pl-PL\",\"@id\":\"https:\\\/\\\/pawelbergel.pl\\\/wp-content\\\/uploads\\\/2020\\\/03\\\/100x300.jpg\",\"url\":\"https:\\\/\\\/pawelbergel.pl\\\/wp-content\\\/uploads\\\/2020\\\/03\\\/100x300.jpg\",\"contentUrl\":\"https:\\\/\\\/pawelbergel.pl\\\/wp-content\\\/uploads\\\/2020\\\/03\\\/100x300.jpg\",\"width\":350,\"height\":100,\"caption\":\"Pawe\u0142 Bergel\"},\"logo\":{\"@id\":\"https:\\\/\\\/pawelbergel.pl\\\/wp-content\\\/uploads\\\/2020\\\/03\\\/100x300.jpg\"}}]}<\/script>\n<!-- \/ Yoast SEO plugin. -->","yoast_head_json":{"title":"Regulamin - Pawel Bergel","robots":{"index":"index","follow":"follow","max-snippet":"max-snippet:-1","max-image-preview":"max-image-preview:large","max-video-preview":"max-video-preview:-1"},"canonical":"https:\/\/pawelbergel.pl\/index.php\/regulamin\/","og_locale":"pl_PL","og_type":"article","og_title":"Regulamin - Pawel Bergel","og_description":"REGULAMIN Gabinetu Terapii Manualnej Pawe\u0142 Bergel&nbsp; \u00a71 Podstawa prawna Gabinetu Terapii Manualnej Pawe\u0142 Bergel jest firm\u0105, w kt\u00f3rej \u015bwiadczone s\u0105 us\u0142ugi z zakresu Terapii manualnej, Osteopatii, Naturopatii, Masa\u017cu. Gabinet znajduje si\u0119 w Dobczycach, przy ulicy Piastowskiej 26B. Firma posiada wpis do Rejestru CEiDG z dn. 02.02.2018. \u00a72 Postanowienia og\u00f3lne\u00a0 Regulamin okre\u015bla zasady \u015bwiadczenia us\u0142ug terapeutycznych [&hellip;]","og_url":"https:\/\/pawelbergel.pl\/index.php\/regulamin\/","og_site_name":"Pawel Bergel","article_modified_time":"2024-11-27T12:14:25+00:00","twitter_card":"summary_large_image","twitter_misc":{"Szacowany czas czytania":"7 minut"},"schema":{"@context":"https:\/\/schema.org","@graph":[{"@type":"WebPage","@id":"https:\/\/pawelbergel.pl\/index.php\/regulamin\/","url":"https:\/\/pawelbergel.pl\/index.php\/regulamin\/","name":"Regulamin - Pawel Bergel","isPartOf":{"@id":"https:\/\/pawelbergel.pl\/#website"},"datePublished":"2024-02-06T19:25:52+00:00","dateModified":"2024-11-27T12:14:25+00:00","breadcrumb":{"@id":"https:\/\/pawelbergel.pl\/index.php\/regulamin\/#breadcrumb"},"inLanguage":"pl-PL","potentialAction":[{"@type":"ReadAction","target":["https:\/\/pawelbergel.pl\/index.php\/regulamin\/"]}]},{"@type":"BreadcrumbList","@id":"https:\/\/pawelbergel.pl\/index.php\/regulamin\/#breadcrumb","itemListElement":[{"@type":"ListItem","position":1,"name":"Strona g\u0142\u00f3wna","item":"https:\/\/pawelbergel.pl\/"},{"@type":"ListItem","position":2,"name":"Regulamin"}]},{"@type":"WebSite","@id":"https:\/\/pawelbergel.pl\/#website","url":"https:\/\/pawelbergel.pl\/","name":"Gabinet Terapii Manualnej Pawe\u0142 Bergel","description":"Gabinet Terapii Manualnej","publisher":{"@id":"https:\/\/pawelbergel.pl\/#\/schema\/person\/cd0f90eb9c3553f35fea7b0d7cdafd9d"},"potentialAction":[{"@type":"SearchAction","target":{"@type":"EntryPoint","urlTemplate":"https:\/\/pawelbergel.pl\/?s={search_term_string}"},"query-input":{"@type":"PropertyValueSpecification","valueRequired":true,"valueName":"search_term_string"}}],"inLanguage":"pl-PL"},{"@type":["Person","Organization"],"@id":"https:\/\/pawelbergel.pl\/#\/schema\/person\/cd0f90eb9c3553f35fea7b0d7cdafd9d","name":"Pawe\u0142 Bergel","image":{"@type":"ImageObject","inLanguage":"pl-PL","@id":"https:\/\/pawelbergel.pl\/wp-content\/uploads\/2020\/03\/100x300.jpg","url":"https:\/\/pawelbergel.pl\/wp-content\/uploads\/2020\/03\/100x300.jpg","contentUrl":"https:\/\/pawelbergel.pl\/wp-content\/uploads\/2020\/03\/100x300.jpg","width":350,"height":100,"caption":"Pawe\u0142 Bergel"},"logo":{"@id":"https:\/\/pawelbergel.pl\/wp-content\/uploads\/2020\/03\/100x300.jpg"}}]}},"_links":{"self":[{"href":"https:\/\/pawelbergel.pl\/index.php\/wp-json\/wp\/v2\/pages\/957","targetHints":{"allow":["GET"]}}],"collection":[{"href":"https:\/\/pawelbergel.pl\/index.php\/wp-json\/wp\/v2\/pages"}],"about":[{"href":"https:\/\/pawelbergel.pl\/index.php\/wp-json\/wp\/v2\/types\/page"}],"author":[{"embeddable":true,"href":"https:\/\/pawelbergel.pl\/index.php\/wp-json\/wp\/v2\/users\/1"}],"replies":[{"embeddable":true,"href":"https:\/\/pawelbergel.pl\/index.php\/wp-json\/wp\/v2\/comments?post=957"}],"version-history":[{"count":17,"href":"https:\/\/pawelbergel.pl\/index.php\/wp-json\/wp\/v2\/pages\/957\/revisions"}],"predecessor-version":[{"id":1093,"href":"https:\/\/pawelbergel.pl\/index.php\/wp-json\/wp\/v2\/pages\/957\/revisions\/1093"}],"wp:attachment":[{"href":"https:\/\/pawelbergel.pl\/index.php\/wp-json\/wp\/v2\/media?parent=957"}],"curies":[{"name":"wp","href":"https:\/\/api.w.org\/{rel}","templated":true}]}}